{"id":6,"date":"2015-02-11T14:46:50","date_gmt":"2015-02-11T14:46:50","guid":{"rendered":"http:\/\/www.chaptereleven.de\/?page_id=6"},"modified":"2024-11-20T14:37:21","modified_gmt":"2024-11-20T14:37:21","slug":"band","status":"publish","type":"page","link":"https:\/\/www.chaptereleven.de\/?page_id=6","title":{"rendered":"BAND"},"content":{"rendered":"<p style=\"text-align: justify;\"><a href=\"https:\/\/www.chaptereleven.de\/wp-content\/uploads\/2015\/02\/band_01.jpg\"><img loading=\"lazy\" decoding=\"async\" class=\"alignright wp-image-59\" src=\"https:\/\/www.chaptereleven.de\/wp-content\/uploads\/2015\/02\/band_01-268x300.jpg\" alt=\"\" width=\"228\" height=\"255\" srcset=\"https:\/\/www.chaptereleven.de\/wp-content\/uploads\/2015\/02\/band_01-268x300.jpg 268w, https:\/\/www.chaptereleven.de\/wp-content\/uploads\/2015\/02\/band_01-914x1024.jpg 914w, https:\/\/www.chaptereleven.de\/wp-content\/uploads\/2015\/02\/band_01-624x699.jpg 624w, https:\/\/www.chaptereleven.de\/wp-content\/uploads\/2015\/02\/band_01.jpg 1000w\" sizes=\"auto, (max-width: 228px) 100vw, 228px\" \/><\/a>CHAPTER ELEVEN wurde 2012 durch f\u00fcnf Metalheads aus Oberfranken ins Leben gerufen. Schnell war klar, dass sich hier die richtigen Typen zusammengefunden hatten. Jeder der Musiker bringt seine musikalischen Einfl\u00fcsse aus den unterschiedlichsten Metalgenres ein, was dem F\u00fcnfer letztendlich seinen ganz eigenen Sound beschert. Nicht selten wird der Stil der Band als Melodic Death mit einer gesunden Portion Power-Metal beschrieben.<\/p>\n<p style=\"text-align: justify;\">Nach zwei Jahren Songwriting fiel im August 2014 der Startschuss zu den Aufnahmen f\u00fcr das erste Album \u201cEvacuate the Earth\u201d. Neun Monate sp\u00e4ter wurde das komplett in Eigenproduktion entstandene \u201cpost-apokalyptische\u201d Konzeptalbum am 01. Mai 2015 ver\u00f6ffentlicht und schlug unter anderem in den Metal-Highlights des Monats bei iTunes ein.<\/p>\n<p style=\"text-align: justify;\"><a href=\"https:\/\/www.chaptereleven.de\/wp-content\/uploads\/2020\/10\/IMG-20190928-WA0003.jpg\" target=\"_blank\" rel=\"noopener\"><img loading=\"lazy\" decoding=\"async\" class=\"alignleft wp-image-1070\" src=\"https:\/\/www.chaptereleven.de\/wp-content\/uploads\/2020\/10\/IMG-20190928-WA0003-1024x768.jpg\" alt=\"\" width=\"283\" height=\"212\" srcset=\"https:\/\/www.chaptereleven.de\/wp-content\/uploads\/2020\/10\/IMG-20190928-WA0003-1024x768.jpg 1024w, https:\/\/www.chaptereleven.de\/wp-content\/uploads\/2020\/10\/IMG-20190928-WA0003-300x225.jpg 300w, https:\/\/www.chaptereleven.de\/wp-content\/uploads\/2020\/10\/IMG-20190928-WA0003-768x576.jpg 768w, https:\/\/www.chaptereleven.de\/wp-content\/uploads\/2020\/10\/IMG-20190928-WA0003-624x468.jpg 624w, https:\/\/www.chaptereleven.de\/wp-content\/uploads\/2020\/10\/IMG-20190928-WA0003.jpg 1600w\" sizes=\"auto, (max-width: 283px) 100vw, 283px\" \/><\/a>Am 29. August 2015 stand in der Sch\u00e4ferei Frank in Schirnding der erste Live-Auftritt der Band an und CHAPTER ELEVEN durften sich \u00fcber zahlreiche Unterst\u00fctzung der heimischen Metalheads vor der B\u00fchne freuen.<\/p>\n<p style=\"text-align: justify;\">Anfang 2016 begannen die Aufnahmen zum zweiten Album und p\u00fcnktlich zur Premiere von Xmas Metal in der Schirndinger Gemeindehalle konnte der Release von \u201cConquer the Paradise\u201d gefeiert werden. 2017 und 2018 folgten mehrere LIVE-Auftritte u.a. auf dem Wunstock Open Air, bei der Rock und Metal Night in Lichtenberg oder dem Rock the Ruins Festival in Wei\u00dfenstadt.<\/p>\n<div id=\"attachment_981\" style=\"width: 810px\" class=\"wp-caption alignnone\"><a href=\"https:\/\/www.chaptereleven.de\/wp-content\/uploads\/2018\/10\/rock-the-ruins.jpg\" target=\"_blank\" rel=\"noopener\"><img loading=\"lazy\" decoding=\"async\" aria-describedby=\"caption-attachment-981\" class=\"wp-image-981\" src=\"https:\/\/www.chaptereleven.de\/wp-content\/uploads\/2018\/10\/rock-the-ruins.jpg\" alt=\"\" width=\"800\" height=\"332\" srcset=\"https:\/\/www.chaptereleven.de\/wp-content\/uploads\/2018\/10\/rock-the-ruins.jpg 1000w, https:\/\/www.chaptereleven.de\/wp-content\/uploads\/2018\/10\/rock-the-ruins-300x125.jpg 300w, https:\/\/www.chaptereleven.de\/wp-content\/uploads\/2018\/10\/rock-the-ruins-768x319.jpg 768w, https:\/\/www.chaptereleven.de\/wp-content\/uploads\/2018\/10\/rock-the-ruins-624x259.jpg 624w\" sizes=\"auto, (max-width: 800px) 100vw, 800px\" \/><\/a><p id=\"caption-attachment-981\" class=\"wp-caption-text\">Heavy Metal Friday &#8211; Rock the Ruins 2018<\/p><\/div>\n<p style=\"text-align: justify;\">Ende 2019 starteten die Arbeiten zum dritten Album und konnten im Fr\u00fchjahr 2020 abgeschlossen werden. Releasetermin war der 04.12.2020. Wegen der Corona-Pandemie folgte die Live-Premiere erst im September 2021 als Support von Mystic Prophecy. Am 09.09.2022 erschien die neue Single &#8220;DISORDER&#8221;, kurz vor dem Masters of Metal Open-Air am 17.09.2022 in Rehau!<\/p>\n<p>Derzeit wird an neuen Songs gebastelt, man darf gespannt sein \ud83d\ude09<\/p>\n<p>&nbsp;<\/p>\n<h3>CHAPTER ELEVEN sind &#8230;<\/h3>\n<p><strong><img loading=\"lazy\" decoding=\"async\" class=\"size-medium wp-image-1822 alignleft\" src=\"https:\/\/www.chaptereleven.de\/wp-content\/uploads\/2024\/11\/jens-200x300.jpg\" alt=\"\" width=\"200\" height=\"300\" srcset=\"https:\/\/www.chaptereleven.de\/wp-content\/uploads\/2024\/11\/jens-200x300.jpg 200w, https:\/\/www.chaptereleven.de\/wp-content\/uploads\/2024\/11\/jens-683x1024.jpg 683w, https:\/\/www.chaptereleven.de\/wp-content\/uploads\/2024\/11\/jens-768x1152.jpg 768w, https:\/\/www.chaptereleven.de\/wp-content\/uploads\/2024\/11\/jens-1024x1536.jpg 1024w, https:\/\/www.chaptereleven.de\/wp-content\/uploads\/2024\/11\/jens-1365x2048.jpg 1365w, https:\/\/www.chaptereleven.de\/wp-content\/uploads\/2024\/11\/jens-624x936.jpg 624w, https:\/\/www.chaptereleven.de\/wp-content\/uploads\/2024\/11\/jens-scaled.jpg 1707w\" sizes=\"auto, (max-width: 200px) 100vw, 200px\" \/><br \/>\nJENS KUPFER<br \/>\n<\/strong>jens@chaptereleven.de<strong><br \/>\n<\/strong><\/p>\n<p><strong>Besetzung: <\/strong>Shouts + Vocals<br \/>\n<strong>Geburtstag: <\/strong>12. Juni<\/p>\n<p><strong>Musikalische Einfl\u00fcsse:<br \/>\n<\/strong>Gamma Ray, Kreator, Metallica, Mozart, Rammstein, Savatage, Sentenced, W:O:A<\/p>\n<p>&nbsp;<\/p>\n<p><strong><img loading=\"lazy\" decoding=\"async\" class=\"size-medium wp-image-1826 alignright\" src=\"https:\/\/www.chaptereleven.de\/wp-content\/uploads\/2024\/11\/florian-200x300.jpg\" alt=\"\" width=\"200\" height=\"300\" srcset=\"https:\/\/www.chaptereleven.de\/wp-content\/uploads\/2024\/11\/florian-200x300.jpg 200w, https:\/\/www.chaptereleven.de\/wp-content\/uploads\/2024\/11\/florian-683x1024.jpg 683w, https:\/\/www.chaptereleven.de\/wp-content\/uploads\/2024\/11\/florian-768x1152.jpg 768w, https:\/\/www.chaptereleven.de\/wp-content\/uploads\/2024\/11\/florian-1024x1536.jpg 1024w, https:\/\/www.chaptereleven.de\/wp-content\/uploads\/2024\/11\/florian-1365x2048.jpg 1365w, https:\/\/www.chaptereleven.de\/wp-content\/uploads\/2024\/11\/florian-624x936.jpg 624w, https:\/\/www.chaptereleven.de\/wp-content\/uploads\/2024\/11\/florian-scaled.jpg 1707w\" sizes=\"auto, (max-width: 200px) 100vw, 200px\" \/><\/strong><strong><br \/>\n<\/strong><\/p>\n<p><strong>FLORIAN ERNSTBERGER<br \/>\n<\/strong>florian@chaptereleven.de<strong><br \/>\n<\/strong><\/p>\n<p><strong>Besetzung:<\/strong> Guitars + Vocals<br \/>\n<strong>Geburtstag:<\/strong> 28. Januar<\/p>\n<p style=\"text-align: justify;\"><strong>Musikalische Einfl\u00fcsse:<br \/>\n<\/strong> Avenged Sevenfold, Five Finger Death Punch, In Flames, Killswitch Engage, Metallica, Sabaton, Trivium<\/p>\n<p>&nbsp;<\/p>\n<p><strong><br \/>\n<\/strong><strong><img loading=\"lazy\" decoding=\"async\" class=\"alignleft size-medium wp-image-1824\" src=\"https:\/\/www.chaptereleven.de\/wp-content\/uploads\/2024\/11\/christian-200x300.jpg\" alt=\"\" width=\"200\" height=\"300\" srcset=\"https:\/\/www.chaptereleven.de\/wp-content\/uploads\/2024\/11\/christian-200x300.jpg 200w, https:\/\/www.chaptereleven.de\/wp-content\/uploads\/2024\/11\/christian-683x1024.jpg 683w, https:\/\/www.chaptereleven.de\/wp-content\/uploads\/2024\/11\/christian-768x1152.jpg 768w, https:\/\/www.chaptereleven.de\/wp-content\/uploads\/2024\/11\/christian-1024x1536.jpg 1024w, https:\/\/www.chaptereleven.de\/wp-content\/uploads\/2024\/11\/christian-1365x2048.jpg 1365w, https:\/\/www.chaptereleven.de\/wp-content\/uploads\/2024\/11\/christian-624x936.jpg 624w, https:\/\/www.chaptereleven.de\/wp-content\/uploads\/2024\/11\/christian-scaled.jpg 1707w\" sizes=\"auto, (max-width: 200px) 100vw, 200px\" \/><\/strong><\/p>\n<p><strong>CHRISTIAN ERNSTBERGER<br \/>\n<\/strong>christian@chaptereleven.de<strong><br \/>\n<\/strong><\/p>\n<p><strong>Besetzung: <\/strong>Bass + Vocals<br \/>\n<strong>Geburtstag: <\/strong>22. Juli<\/p>\n<p style=\"text-align: justify;\"><strong>Musikalische Einfl\u00fcsse:<br \/>\n<\/strong>Five Finger Death Punch, Hammerfall, In Flames, Killswitch Engage, Metallica<\/p>\n<p>&nbsp;<\/p>\n<p><strong><img loading=\"lazy\" decoding=\"async\" class=\"size-medium wp-image-1823 alignright\" src=\"https:\/\/www.chaptereleven.de\/wp-content\/uploads\/2024\/11\/heiko-200x300.jpg\" alt=\"\" width=\"200\" height=\"300\" srcset=\"https:\/\/www.chaptereleven.de\/wp-content\/uploads\/2024\/11\/heiko-200x300.jpg 200w, https:\/\/www.chaptereleven.de\/wp-content\/uploads\/2024\/11\/heiko-683x1024.jpg 683w, https:\/\/www.chaptereleven.de\/wp-content\/uploads\/2024\/11\/heiko-768x1152.jpg 768w, https:\/\/www.chaptereleven.de\/wp-content\/uploads\/2024\/11\/heiko-1024x1536.jpg 1024w, https:\/\/www.chaptereleven.de\/wp-content\/uploads\/2024\/11\/heiko-1365x2048.jpg 1365w, https:\/\/www.chaptereleven.de\/wp-content\/uploads\/2024\/11\/heiko-624x936.jpg 624w, https:\/\/www.chaptereleven.de\/wp-content\/uploads\/2024\/11\/heiko-scaled.jpg 1707w\" sizes=\"auto, (max-width: 200px) 100vw, 200px\" \/><\/strong><strong><br \/>\n<\/strong><\/p>\n<p><strong>HEIKO KUPFER<br \/>\n<\/strong>heiko@chaptereleven.de<strong><br \/>\n<\/strong><\/p>\n<p><strong>Besetzung:<\/strong> Drums<br \/>\n<strong>Geburtstag: <\/strong>01. September<\/p>\n<p><strong>Musikalische Einfl\u00fcsse:<br \/>\n<\/strong>Blind Guardian, Gamma Ray, Skeletoon, Kreator, Metallica, Sentenced, Orden Ogan<\/p>\n<p>&nbsp;<\/p>\n<p><strong><img loading=\"lazy\" decoding=\"async\" class=\"alignleft size-medium wp-image-1821\" src=\"https:\/\/www.chaptereleven.de\/wp-content\/uploads\/2024\/11\/patrick-200x300.jpg\" alt=\"\" width=\"200\" height=\"300\" srcset=\"https:\/\/www.chaptereleven.de\/wp-content\/uploads\/2024\/11\/patrick-200x300.jpg 200w, https:\/\/www.chaptereleven.de\/wp-content\/uploads\/2024\/11\/patrick-683x1024.jpg 683w, https:\/\/www.chaptereleven.de\/wp-content\/uploads\/2024\/11\/patrick-768x1152.jpg 768w, https:\/\/www.chaptereleven.de\/wp-content\/uploads\/2024\/11\/patrick-1024x1536.jpg 1024w, https:\/\/www.chaptereleven.de\/wp-content\/uploads\/2024\/11\/patrick-1365x2048.jpg 1365w, https:\/\/www.chaptereleven.de\/wp-content\/uploads\/2024\/11\/patrick-624x936.jpg 624w, https:\/\/www.chaptereleven.de\/wp-content\/uploads\/2024\/11\/patrick-scaled.jpg 1707w\" sizes=\"auto, (max-width: 200px) 100vw, 200px\" \/><\/strong><strong><br \/>\n<\/strong><\/p>\n<p><strong>PATRICK RUDOLPH<br \/>\n<\/strong>patrick@chaptereleven.de<\/p>\n<p><strong>Besetzung<\/strong>: Guitars<br \/>\n<strong>Geburtstag<\/strong>: 22. September<\/p>\n<p><strong>Musikalische Einfl\u00fcsse:<br \/>\n<\/strong>Metallica! (and much more \u2026)<\/p>\n","protected":false},"excerpt":{"rendered":"<p>CHAPTER ELEVEN wurde 2012 durch f\u00fcnf Metalheads aus Oberfranken ins Leben gerufen. Schnell war klar, dass sich hier die richtigen Typen zusammengefunden hatten. Jeder der Musiker bringt seine musikalischen Einfl\u00fcsse aus den unterschiedlichsten Metalgenres ein, was dem F\u00fcnfer letztendlich seinen ganz eigenen Sound beschert. Nicht selten wird der Stil der Band als Melodic Death mit [&hellip;]<\/p>\n","protected":false},"author":1,"featured_media":0,"parent":0,"menu_order":0,"comment_status":"closed","ping_status":"closed","template":"","meta":{"footnotes":""},"class_list":["post-6","page","type-page","status-publish","hentry"],"_links":{"self":[{"href":"https:\/\/www.chaptereleven.de\/index.php?rest_route=\/wp\/v2\/pages\/6","targetHints":{"allow":["GET"]}}],"collection":[{"href":"https:\/\/www.chaptereleven.de\/index.php?rest_route=\/wp\/v2\/pages"}],"about":[{"href":"https:\/\/www.chaptereleven.de\/index.php?rest_route=\/wp\/v2\/types\/page"}],"author":[{"embeddable":true,"href":"https:\/\/www.chaptereleven.de\/index.php?rest_route=\/wp\/v2\/users\/1"}],"replies":[{"embeddable":true,"href":"https:\/\/www.chaptereleven.de\/index.php?rest_route=%2Fwp%2Fv2%2Fcomments&post=6"}],"version-history":[{"count":144,"href":"https:\/\/www.chaptereleven.de\/index.php?rest_route=\/wp\/v2\/pages\/6\/revisions"}],"predecessor-version":[{"id":1834,"href":"https:\/\/www.chaptereleven.de\/index.php?rest_route=\/wp\/v2\/pages\/6\/revisions\/1834"}],"wp:attachment":[{"href":"https:\/\/www.chaptereleven.de\/index.php?rest_route=%2Fwp%2Fv2%2Fmedia&parent=6"}],"curies":[{"name":"wp","href":"https:\/\/api.w.org\/{rel}","templated":true}]}}